{"id":13,"date":"2023-08-16T06:12:30","date_gmt":"2023-08-16T06:12:30","guid":{"rendered":"https:\/\/www.frystakdetem.cz\/?page_id=13"},"modified":"2023-08-17T13:40:23","modified_gmt":"2023-08-17T13:40:23","slug":"frystak-detem","status":"publish","type":"page","link":"https:\/\/www.frystakdetem.cz\/","title":{"rendered":"Fry\u0161t\u00e1k d\u011btem"},"content":{"rendered":"\t\t<div data-elementor-type=\"wp-page\" data-elementor-id=\"13\" class=\"elementor elementor-13\" data-elementor-post-type=\"page\">\n\t\t\t\t<div class=\"elementor-element elementor-element-3708946 e-flex e-con-boxed e-con e-parent\" data-id=\"3708946\" data-element_type=\"container\" data-settings=\"{&quot;background_background&quot;:&quot;gradient&quot;}\">\n\t\t\t\t\t<div class=\"e-con-inner\">\n\t\t<div class=\"elementor-element elementor-element-93e2675 e-flex e-con-boxed e-con e-child\" data-id=\"93e2675\" data-element_type=\"container\">\n\t\t\t\t\t<div class=\"e-con-inner\">\n\t\t<div class=\"elementor-element elementor-element-f7818ea e-flex e-con-boxed e-con e-child\" data-id=\"f7818ea\" data-element_type=\"container\">\n\t\t\t\t\t<div class=\"e-con-inner\">\n\t\t<div class=\"elementor-element elementor-element-33bf6aa e-con-full e-flex e-con e-child\" data-id=\"33bf6aa\" data-element_type=\"container\" data-settings=\"{&quot;background_background&quot;:&quot;classic&quot;}\">\n\t\t\t\t<div class=\"elementor-element elementor-element-7776336 elementor-widget elementor-widget-image\" data-id=\"7776336\" data-element_type=\"widget\" data-widget_type=\"image.default\">\n\t\t\t\t<div class=\"elementor-widget-container\">\n\t\t\t<style>\/*! elementor - v3.23.0 - 05-08-2024 *\/\n.elementor-widget-image{text-align:center}.elementor-widget-image a{display:inline-block}.elementor-widget-image a img[src$=\".svg\"]{width:48px}.elementor-widget-image img{vertical-align:middle;display:inline-block}<\/style>\t\t\t\t\t\t\t\t\t\t<img fetchpriority=\"high\" decoding=\"async\" width=\"500\" height=\"500\" src=\"https:\/\/www.frystakdetem.cz\/wp-content\/uploads\/2023\/08\/LOGO2.jpg\" class=\"attachment-large size-large wp-image-26\" alt=\"\" srcset=\"https:\/\/www.frystakdetem.cz\/wp-content\/uploads\/2023\/08\/LOGO2.jpg 500w, https:\/\/www.frystakdetem.cz\/wp-content\/uploads\/2023\/08\/LOGO2-300x300.jpg 300w, https:\/\/www.frystakdetem.cz\/wp-content\/uploads\/2023\/08\/LOGO2-150x150.jpg 150w\" sizes=\"(max-width: 500px) 100vw, 500px\" \/>\t\t\t\t\t\t\t\t\t\t\t\t\t<\/div>\n\t\t\t\t<\/div>\n\t\t\t\t<\/div>\n\t\t<div class=\"elementor-element elementor-element-b3c1d5e e-con-full e-flex e-con e-child\" data-id=\"b3c1d5e\" data-element_type=\"container\">\n\t\t\t\t<div class=\"elementor-element elementor-element-82cdda8 elementor-widget elementor-widget-heading\" data-id=\"82cdda8\" data-element_type=\"widget\" data-widget_type=\"heading.default\">\n\t\t\t\t<div class=\"elementor-widget-container\">\n\t\t\t<style>\/*! elementor - v3.23.0 - 05-08-2024 *\/\n.elementor-heading-title{padding:0;margin:0;line-height:1}.elementor-widget-heading .elementor-heading-title[class*=elementor-size-]>a{color:inherit;font-size:inherit;line-height:inherit}.elementor-widget-heading .elementor-heading-title.elementor-size-small{font-size:15px}.elementor-widget-heading .elementor-heading-title.elementor-size-medium{font-size:19px}.elementor-widget-heading .elementor-heading-title.elementor-size-large{font-size:29px}.elementor-widget-heading .elementor-heading-title.elementor-size-xl{font-size:39px}.elementor-widget-heading .elementor-heading-title.elementor-size-xxl{font-size:59px}<\/style><p class=\"elementor-heading-title elementor-size-default\">FRY\u0160T\u00c1K D\u011aTEM<\/p>\t\t<\/div>\n\t\t\t\t<\/div>\n\t\t\t\t<div class=\"elementor-element elementor-element-e6ccada elementor-widget elementor-widget-heading\" data-id=\"e6ccada\" data-element_type=\"widget\" data-widget_type=\"heading.default\">\n\t\t\t\t<div class=\"elementor-widget-container\">\n\t\t\t<p class=\"elementor-heading-title elementor-size-default\">Volno\u010dasov\u00e9 a vzd\u011bl\u00e1vac\u00ed aktivity<br>pro rodi\u010de s d\u011btmi<\/p>\t\t<\/div>\n\t\t\t\t<\/div>\n\t\t\t\t<\/div>\n\t\t\t\t\t<\/div>\n\t\t\t\t<\/div>\n\t\t<div class=\"elementor-element elementor-element-730bf22 e-flex e-con-boxed e-con e-child\" data-id=\"730bf22\" data-element_type=\"container\">\n\t\t\t\t\t<div class=\"e-con-inner\">\n\t\t<div class=\"elementor-element elementor-element-7c15f9d e-flex e-con-boxed e-con e-child\" data-id=\"7c15f9d\" data-element_type=\"container\">\n\t\t\t\t\t<div class=\"e-con-inner\">\n\t\t\t\t<div class=\"elementor-element elementor-element-de0633a e-transform e-transform elementor-widget elementor-widget-image\" data-id=\"de0633a\" data-element_type=\"widget\" data-settings=\"{&quot;_transform_scale_effect_hover&quot;:{&quot;unit&quot;:&quot;px&quot;,&quot;size&quot;:1.05,&quot;sizes&quot;:[]},&quot;_transform_scale_effect&quot;:{&quot;unit&quot;:&quot;px&quot;,&quot;size&quot;:&quot;&quot;,&quot;sizes&quot;:[]},&quot;_transform_scale_effect_tablet&quot;:{&quot;unit&quot;:&quot;px&quot;,&quot;size&quot;:&quot;&quot;,&quot;sizes&quot;:[]},&quot;_transform_scale_effect_mobile&quot;:{&quot;unit&quot;:&quot;px&quot;,&quot;size&quot;:&quot;&quot;,&quot;sizes&quot;:[]},&quot;_transform_scale_effect_hover_tablet&quot;:{&quot;unit&quot;:&quot;px&quot;,&quot;size&quot;:&quot;&quot;,&quot;sizes&quot;:[]},&quot;_transform_scale_effect_hover_mobile&quot;:{&quot;unit&quot;:&quot;px&quot;,&quot;size&quot;:&quot;&quot;,&quot;sizes&quot;:[]}}\" data-widget_type=\"image.default\">\n\t\t\t\t<div class=\"elementor-widget-container\">\n\t\t\t\t\t\t\t\t\t\t\t\t\t<img decoding=\"async\" width=\"778\" height=\"772\" src=\"https:\/\/www.frystakdetem.cz\/wp-content\/uploads\/2023\/08\/2-e1692183420540.png\" class=\"attachment-large size-large wp-image-20\" alt=\"\" srcset=\"https:\/\/www.frystakdetem.cz\/wp-content\/uploads\/2023\/08\/2-e1692183420540.png 778w, https:\/\/www.frystakdetem.cz\/wp-content\/uploads\/2023\/08\/2-e1692183420540-300x298.png 300w, https:\/\/www.frystakdetem.cz\/wp-content\/uploads\/2023\/08\/2-e1692183420540-150x150.png 150w, https:\/\/www.frystakdetem.cz\/wp-content\/uploads\/2023\/08\/2-e1692183420540-768x762.png 768w\" sizes=\"(max-width: 778px) 100vw, 778px\" \/>\t\t\t\t\t\t\t\t\t\t\t\t\t<\/div>\n\t\t\t\t<\/div>\n\t\t\t\t<div class=\"elementor-element elementor-element-7590dda elementor-widget elementor-widget-heading\" data-id=\"7590dda\" data-element_type=\"widget\" data-widget_type=\"heading.default\">\n\t\t\t\t<div class=\"elementor-widget-container\">\n\t\t\t<p class=\"elementor-heading-title elementor-size-default\">Herna pro rodi\u010de s d\u011btmi do 3 let<\/p>\t\t<\/div>\n\t\t\t\t<\/div>\n\t\t\t\t\t<\/div>\n\t\t\t\t<\/div>\n\t\t<div class=\"elementor-element elementor-element-6aaa2f8 e-flex e-con-boxed e-con e-child\" data-id=\"6aaa2f8\" data-element_type=\"container\">\n\t\t\t\t\t<div class=\"e-con-inner\">\n\t\t\t\t<div class=\"elementor-element elementor-element-3be3404 e-transform e-transform elementor-widget elementor-widget-image\" data-id=\"3be3404\" data-element_type=\"widget\" data-settings=\"{&quot;_transform_scale_effect_hover&quot;:{&quot;unit&quot;:&quot;px&quot;,&quot;size&quot;:1.05,&quot;sizes&quot;:[]},&quot;_transform_scale_effect&quot;:{&quot;unit&quot;:&quot;px&quot;,&quot;size&quot;:&quot;&quot;,&quot;sizes&quot;:[]},&quot;_transform_scale_effect_tablet&quot;:{&quot;unit&quot;:&quot;px&quot;,&quot;size&quot;:&quot;&quot;,&quot;sizes&quot;:[]},&quot;_transform_scale_effect_mobile&quot;:{&quot;unit&quot;:&quot;px&quot;,&quot;size&quot;:&quot;&quot;,&quot;sizes&quot;:[]},&quot;_transform_scale_effect_hover_tablet&quot;:{&quot;unit&quot;:&quot;px&quot;,&quot;size&quot;:&quot;&quot;,&quot;sizes&quot;:[]},&quot;_transform_scale_effect_hover_mobile&quot;:{&quot;unit&quot;:&quot;px&quot;,&quot;size&quot;:&quot;&quot;,&quot;sizes&quot;:[]}}\" data-widget_type=\"image.default\">\n\t\t\t\t<div class=\"elementor-widget-container\">\n\t\t\t\t\t\t\t\t\t\t\t\t\t<img decoding=\"async\" width=\"770\" height=\"773\" src=\"https:\/\/www.frystakdetem.cz\/wp-content\/uploads\/2023\/08\/4-e1692180010115.png\" class=\"attachment-large size-large wp-image-21\" alt=\"\" srcset=\"https:\/\/www.frystakdetem.cz\/wp-content\/uploads\/2023\/08\/4-e1692180010115.png 770w, https:\/\/www.frystakdetem.cz\/wp-content\/uploads\/2023\/08\/4-e1692180010115-300x300.png 300w, https:\/\/www.frystakdetem.cz\/wp-content\/uploads\/2023\/08\/4-e1692180010115-150x150.png 150w, https:\/\/www.frystakdetem.cz\/wp-content\/uploads\/2023\/08\/4-e1692180010115-768x771.png 768w\" sizes=\"(max-width: 770px) 100vw, 770px\" \/>\t\t\t\t\t\t\t\t\t\t\t\t\t<\/div>\n\t\t\t\t<\/div>\n\t\t\t\t<div class=\"elementor-element elementor-element-0a0bdeb elementor-widget elementor-widget-heading\" data-id=\"0a0bdeb\" data-element_type=\"widget\" data-widget_type=\"heading.default\">\n\t\t\t\t<div class=\"elementor-widget-container\">\n\t\t\t<p class=\"elementor-heading-title elementor-size-default\">Volno\u010dasov\u00e9 a vzd\u011bl\u00e1vac\u00ed aktivity pro rodi\u010de s d\u011btmi<\/p>\t\t<\/div>\n\t\t\t\t<\/div>\n\t\t\t\t\t<\/div>\n\t\t\t\t<\/div>\n\t\t<div class=\"elementor-element elementor-element-fa8a1b9 e-flex e-con-boxed e-con e-child\" data-id=\"fa8a1b9\" data-element_type=\"container\">\n\t\t\t\t\t<div class=\"e-con-inner\">\n\t\t\t\t<div class=\"elementor-element elementor-element-0564ade e-transform e-transform elementor-widget elementor-widget-image\" data-id=\"0564ade\" data-element_type=\"widget\" data-settings=\"{&quot;_transform_scale_effect_hover&quot;:{&quot;unit&quot;:&quot;px&quot;,&quot;size&quot;:1.05,&quot;sizes&quot;:[]},&quot;_transform_scale_effect&quot;:{&quot;unit&quot;:&quot;px&quot;,&quot;size&quot;:&quot;&quot;,&quot;sizes&quot;:[]},&quot;_transform_scale_effect_tablet&quot;:{&quot;unit&quot;:&quot;px&quot;,&quot;size&quot;:&quot;&quot;,&quot;sizes&quot;:[]},&quot;_transform_scale_effect_mobile&quot;:{&quot;unit&quot;:&quot;px&quot;,&quot;size&quot;:&quot;&quot;,&quot;sizes&quot;:[]},&quot;_transform_scale_effect_hover_tablet&quot;:{&quot;unit&quot;:&quot;px&quot;,&quot;size&quot;:&quot;&quot;,&quot;sizes&quot;:[]},&quot;_transform_scale_effect_hover_mobile&quot;:{&quot;unit&quot;:&quot;px&quot;,&quot;size&quot;:&quot;&quot;,&quot;sizes&quot;:[]}}\" data-widget_type=\"image.default\">\n\t\t\t\t<div class=\"elementor-widget-container\">\n\t\t\t\t\t\t\t\t\t\t\t\t\t<img loading=\"lazy\" decoding=\"async\" width=\"775\" height=\"780\" src=\"https:\/\/www.frystakdetem.cz\/wp-content\/uploads\/2023\/08\/3-e1692179915153.png\" class=\"attachment-1536x1536 size-1536x1536 wp-image-22\" alt=\"\" srcset=\"https:\/\/www.frystakdetem.cz\/wp-content\/uploads\/2023\/08\/3-e1692179915153.png 775w, https:\/\/www.frystakdetem.cz\/wp-content\/uploads\/2023\/08\/3-e1692179915153-298x300.png 298w, https:\/\/www.frystakdetem.cz\/wp-content\/uploads\/2023\/08\/3-e1692179915153-150x150.png 150w, https:\/\/www.frystakdetem.cz\/wp-content\/uploads\/2023\/08\/3-e1692179915153-768x773.png 768w\" sizes=\"(max-width: 775px) 100vw, 775px\" \/>\t\t\t\t\t\t\t\t\t\t\t\t\t<\/div>\n\t\t\t\t<\/div>\n\t\t\t\t<div class=\"elementor-element elementor-element-17f7f3d elementor-widget elementor-widget-heading\" data-id=\"17f7f3d\" data-element_type=\"widget\" data-widget_type=\"heading.default\">\n\t\t\t\t<div class=\"elementor-widget-container\">\n\t\t\t<p class=\"elementor-heading-title elementor-size-default\">P\u0159\u00edm\u011bstsk\u00e9 t\u00e1bory<br>Workshopy<br>P\u0159edn\u00e1\u0161ky<br>Enviroment\u00e1ln\u00ed v\u00fdchova<\/p>\t\t<\/div>\n\t\t\t\t<\/div>\n\t\t\t\t\t<\/div>\n\t\t\t\t<\/div>\n\t\t\t\t\t<\/div>\n\t\t\t\t<\/div>\n\t\t<div class=\"elementor-element elementor-element-16fe5e0 e-flex e-con-boxed e-con e-child\" data-id=\"16fe5e0\" data-element_type=\"container\">\n\t\t\t\t\t<div class=\"e-con-inner\">\n\t\t<div class=\"elementor-element elementor-element-ef5543d e-flex e-con-boxed e-con e-child\" data-id=\"ef5543d\" data-element_type=\"container\">\n\t\t\t\t\t<div class=\"e-con-inner\">\n\t\t<div class=\"elementor-element elementor-element-e485e03 e-con-full e-flex e-con e-child\" data-id=\"e485e03\" data-element_type=\"container\">\n\t\t<div class=\"elementor-element elementor-element-23d8785 e-con-full e-flex e-con e-child\" data-id=\"23d8785\" data-element_type=\"container\" data-settings=\"{&quot;background_background&quot;:&quot;classic&quot;}\">\n\t\t\t\t<div class=\"elementor-element elementor-element-9f7998b elementor-widget elementor-widget-image\" data-id=\"9f7998b\" data-element_type=\"widget\" data-widget_type=\"image.default\">\n\t\t\t\t<div class=\"elementor-widget-container\">\n\t\t\t\t\t\t\t\t\t\t\t\t\t<img fetchpriority=\"high\" decoding=\"async\" width=\"500\" height=\"500\" src=\"https:\/\/www.frystakdetem.cz\/wp-content\/uploads\/2023\/08\/LOGO2.jpg\" class=\"attachment-large size-large wp-image-26\" alt=\"\" srcset=\"https:\/\/www.frystakdetem.cz\/wp-content\/uploads\/2023\/08\/LOGO2.jpg 500w, https:\/\/www.frystakdetem.cz\/wp-content\/uploads\/2023\/08\/LOGO2-300x300.jpg 300w, https:\/\/www.frystakdetem.cz\/wp-content\/uploads\/2023\/08\/LOGO2-150x150.jpg 150w\" sizes=\"(max-width: 500px) 100vw, 500px\" \/>\t\t\t\t\t\t\t\t\t\t\t\t\t<\/div>\n\t\t\t\t<\/div>\n\t\t\t\t<\/div>\n\t\t\t\t<div class=\"elementor-element elementor-element-1ac7954 elementor-mobile-align-center elementor-icon-list--layout-traditional elementor-list-item-link-full_width elementor-widget elementor-widget-icon-list\" data-id=\"1ac7954\" data-element_type=\"widget\" data-widget_type=\"icon-list.default\">\n\t\t\t\t<div class=\"elementor-widget-container\">\n\t\t\t<link rel=\"stylesheet\" href=\"https:\/\/www.frystakdetem.cz\/wp-content\/plugins\/elementor\/assets\/css\/widget-icon-list.min.css\">\t\t<ul class=\"elementor-icon-list-items\">\n\t\t\t\t\t\t\t<li class=\"elementor-icon-list-item\">\n\t\t\t\t\t\t\t\t\t\t<span class=\"elementor-icon-list-text\"><b>Fry\u0161t\u00e1k d\u011btem z.s.<\/b><\/span>\n\t\t\t\t\t\t\t\t\t<\/li>\n\t\t\t\t\t\t\t\t<li class=\"elementor-icon-list-item\">\n\t\t\t\t\t\t\t\t\t\t<span class=\"elementor-icon-list-text\">I\u010cO:\t06145191<\/span>\n\t\t\t\t\t\t\t\t\t<\/li>\n\t\t\t\t\t\t\t\t<li class=\"elementor-icon-list-item\">\n\t\t\t\t\t\t\t\t\t\t<span class=\"elementor-icon-list-text\">SCHR\u00c1NKA: \tvrqejk6<\/span>\n\t\t\t\t\t\t\t\t\t<\/li>\n\t\t\t\t\t\t\t\t<li class=\"elementor-icon-list-item\">\n\t\t\t\t\t\t\t\t\t\t<span class=\"elementor-icon-list-text\">ADRESA:\tStola\u0159sk\u00e1 40, Doln\u00ed Ves, 763 16 Fry\u0161t\u00e1k<\/span>\n\t\t\t\t\t\t\t\t\t<\/li>\n\t\t\t\t\t\t<\/ul>\n\t\t\t\t<\/div>\n\t\t\t\t<\/div>\n\t\t\t\t<\/div>\n\t\t<div class=\"elementor-element elementor-element-b26afc6 e-con-full e-flex e-con e-child\" data-id=\"b26afc6\" data-element_type=\"container\">\n\t\t\t\t<div class=\"elementor-element elementor-element-a654ac1 elementor-widget-tablet__width-initial elementor-view-default elementor-widget elementor-widget-icon\" data-id=\"a654ac1\" data-element_type=\"widget\" data-widget_type=\"icon.default\">\n\t\t\t\t<div class=\"elementor-widget-container\">\n\t\t\t\t\t<div class=\"elementor-icon-wrapper\">\n\t\t\t<div class=\"elementor-icon\">\n\t\t\t<svg xmlns=\"http:\/\/www.w3.org\/2000\/svg\" fill=\"#000000\" width=\"800px\" height=\"800px\" viewBox=\"0 0 32 32\"><title>phone<\/title><path d=\"M30.637 23.152c-0.109-0.676-0.334-1.282-0.654-1.825l0.013 0.024c-0.114-0.186-0.301-0.317-0.521-0.353l-0.004-0.001-8.969-1.424c-0.035-0.006-0.076-0.009-0.117-0.009-0.207 0-0.395 0.083-0.531 0.218l0-0c-0.675 0.68-1.194 1.516-1.496 2.45l-0.012 0.044c-4.015-1.64-7.139-4.765-8.742-8.674l-0.038-0.105c0.977-0.315 1.814-0.833 2.493-1.509l-0 0c0.136-0.136 0.22-0.324 0.22-0.531 0-0.041-0.003-0.081-0.010-0.121l0.001 0.004-1.423-8.97c-0.037-0.225-0.169-0.413-0.353-0.524l-0.003-0.002c-0.505-0.3-1.094-0.52-1.723-0.626l-0.030-0.004c-0.283-0.072-0.608-0.113-0.943-0.113-0.063 0-0.126 0.001-0.189 0.004l0.009-0c-3.498 0.025-6.326 2.855-6.348 6.351v0.002c0.015 12.761 10.355 23.102 23.115 23.116h0.001c3.5-0.021 6.332-2.852 6.354-6.349v-0.002c0-0.025 0.001-0.054 0.001-0.084 0-0.35-0.037-0.691-0.106-1.021l0.006 0.032zM24.383 29.076c-11.933-0.014-21.602-9.684-21.616-21.615v-0.001c0.019-2.674 2.182-4.836 4.855-4.854h0.002c0.014-0 0.030-0 0.046-0 0.275 0 0.544 0.030 0.802 0.086l-0.025-0.005c0.367 0.060 0.695 0.162 1.002 0.301l-0.025-0.010 1.301 8.201c-0.628 0.529-1.404 0.902-2.257 1.051l-0.029 0.004c-0.355 0.064-0.62 0.37-0.62 0.739 0 0.088 0.015 0.172 0.043 0.25l-0.002-0.005c1.773 5.072 5.696 8.994 10.646 10.73l0.121 0.037c0.073 0.026 0.157 0.041 0.244 0.041 0.14 0 0.272-0.038 0.384-0.105l-0.003 0.002c0.186-0.111 0.318-0.295 0.357-0.511l0.001-0.005c0.153-0.883 0.526-1.66 1.061-2.296l-0.006 0.007 8.201 1.303c0.133 0.296 0.238 0.641 0.297 1.001l0.003 0.024c0.045 0.212 0.071 0.455 0.071 0.704 0 0.024-0 0.049-0.001 0.073l0-0.004c-0.016 2.675-2.179 4.839-4.852 4.857h-0.002z\"><\/path><\/svg>\t\t\t<\/div>\n\t\t<\/div>\n\t\t\t\t<\/div>\n\t\t\t\t<\/div>\n\t\t\t\t<div class=\"elementor-element elementor-element-6ccd3cf elementor-icon-list--layout-traditional elementor-list-item-link-full_width elementor-widget elementor-widget-icon-list\" data-id=\"6ccd3cf\" data-element_type=\"widget\" data-widget_type=\"icon-list.default\">\n\t\t\t\t<div class=\"elementor-widget-container\">\n\t\t\t\t\t<ul class=\"elementor-icon-list-items\">\n\t\t\t\t\t\t\t<li class=\"elementor-icon-list-item\">\n\t\t\t\t\t\t\t\t\t\t<span class=\"elementor-icon-list-text\"><b>Renata \u0160afkov\u00e1<\/b><\/span>\n\t\t\t\t\t\t\t\t\t<\/li>\n\t\t\t\t\t\t\t\t<li class=\"elementor-icon-list-item\">\n\t\t\t\t\t\t\t\t\t\t<span class=\"elementor-icon-list-text\">+420 608 446 961<\/span>\n\t\t\t\t\t\t\t\t\t<\/li>\n\t\t\t\t\t\t<\/ul>\n\t\t\t\t<\/div>\n\t\t\t\t<\/div>\n\t\t\t\t<\/div>\n\t\t<div class=\"elementor-element elementor-element-5b2d4b2 e-con-full e-flex e-con e-child\" data-id=\"5b2d4b2\" data-element_type=\"container\">\n\t\t\t\t<div class=\"elementor-element elementor-element-0768506 elementor-widget-tablet__width-initial elementor-view-default elementor-widget elementor-widget-icon\" data-id=\"0768506\" data-element_type=\"widget\" data-widget_type=\"icon.default\">\n\t\t\t\t<div class=\"elementor-widget-container\">\n\t\t\t\t\t<div class=\"elementor-icon-wrapper\">\n\t\t\t<div class=\"elementor-icon\">\n\t\t\t<svg xmlns=\"http:\/\/www.w3.org\/2000\/svg\" fill=\"#000000\" width=\"800px\" height=\"800px\" viewBox=\"0 0 32 32\"><title>phone<\/title><path d=\"M30.637 23.152c-0.109-0.676-0.334-1.282-0.654-1.825l0.013 0.024c-0.114-0.186-0.301-0.317-0.521-0.353l-0.004-0.001-8.969-1.424c-0.035-0.006-0.076-0.009-0.117-0.009-0.207 0-0.395 0.083-0.531 0.218l0-0c-0.675 0.68-1.194 1.516-1.496 2.45l-0.012 0.044c-4.015-1.64-7.139-4.765-8.742-8.674l-0.038-0.105c0.977-0.315 1.814-0.833 2.493-1.509l-0 0c0.136-0.136 0.22-0.324 0.22-0.531 0-0.041-0.003-0.081-0.010-0.121l0.001 0.004-1.423-8.97c-0.037-0.225-0.169-0.413-0.353-0.524l-0.003-0.002c-0.505-0.3-1.094-0.52-1.723-0.626l-0.030-0.004c-0.283-0.072-0.608-0.113-0.943-0.113-0.063 0-0.126 0.001-0.189 0.004l0.009-0c-3.498 0.025-6.326 2.855-6.348 6.351v0.002c0.015 12.761 10.355 23.102 23.115 23.116h0.001c3.5-0.021 6.332-2.852 6.354-6.349v-0.002c0-0.025 0.001-0.054 0.001-0.084 0-0.35-0.037-0.691-0.106-1.021l0.006 0.032zM24.383 29.076c-11.933-0.014-21.602-9.684-21.616-21.615v-0.001c0.019-2.674 2.182-4.836 4.855-4.854h0.002c0.014-0 0.030-0 0.046-0 0.275 0 0.544 0.030 0.802 0.086l-0.025-0.005c0.367 0.060 0.695 0.162 1.002 0.301l-0.025-0.010 1.301 8.201c-0.628 0.529-1.404 0.902-2.257 1.051l-0.029 0.004c-0.355 0.064-0.62 0.37-0.62 0.739 0 0.088 0.015 0.172 0.043 0.25l-0.002-0.005c1.773 5.072 5.696 8.994 10.646 10.73l0.121 0.037c0.073 0.026 0.157 0.041 0.244 0.041 0.14 0 0.272-0.038 0.384-0.105l-0.003 0.002c0.186-0.111 0.318-0.295 0.357-0.511l0.001-0.005c0.153-0.883 0.526-1.66 1.061-2.296l-0.006 0.007 8.201 1.303c0.133 0.296 0.238 0.641 0.297 1.001l0.003 0.024c0.045 0.212 0.071 0.455 0.071 0.704 0 0.024-0 0.049-0.001 0.073l0-0.004c-0.016 2.675-2.179 4.839-4.852 4.857h-0.002z\"><\/path><\/svg>\t\t\t<\/div>\n\t\t<\/div>\n\t\t\t\t<\/div>\n\t\t\t\t<\/div>\n\t\t\t\t<div class=\"elementor-element elementor-element-ab1725e elementor-icon-list--layout-traditional elementor-list-item-link-full_width elementor-widget elementor-widget-icon-list\" data-id=\"ab1725e\" data-element_type=\"widget\" data-widget_type=\"icon-list.default\">\n\t\t\t\t<div class=\"elementor-widget-container\">\n\t\t\t\t\t<ul class=\"elementor-icon-list-items\">\n\t\t\t\t\t\t\t<li class=\"elementor-icon-list-item\">\n\t\t\t\t\t\t\t\t\t\t<span class=\"elementor-icon-list-text\"><b>Michaela Nutilov\u00e1<\/b><\/span>\n\t\t\t\t\t\t\t\t\t<\/li>\n\t\t\t\t\t\t\t\t<li class=\"elementor-icon-list-item\">\n\t\t\t\t\t\t\t\t\t\t<span class=\"elementor-icon-list-text\">+420 605 482 839<\/span>\n\t\t\t\t\t\t\t\t\t<\/li>\n\t\t\t\t\t\t<\/ul>\n\t\t\t\t<\/div>\n\t\t\t\t<\/div>\n\t\t\t\t<\/div>\n\t\t\t\t\t<\/div>\n\t\t\t\t<\/div>\n\t\t\t\t\t<\/div>\n\t\t\t\t<\/div>\n\t\t\t\t\t<\/div>\n\t\t\t\t<\/div>\n\t\t\t\t\t<\/div>\n\t\t\t\t<\/div>\n\t\t<div class=\"elementor-element elementor-element-1458f76 e-con-full e-flex e-con e-parent\" data-id=\"1458f76\" data-element_type=\"container\" data-settings=\"{&quot;background_background&quot;:&quot;classic&quot;,&quot;shape_divider_top&quot;:&quot;curve&quot;}\">\n\t\t\t\t<div class=\"elementor-shape elementor-shape-top\" data-negative=\"false\">\n\t\t\t<svg xmlns=\"http:\/\/www.w3.org\/2000\/svg\" viewBox=\"0 0 1000 100\" preserveAspectRatio=\"none\">\n    <path class=\"elementor-shape-fill\" d=\"M1000,4.3V0H0v4.3C0.9,23.1,126.7,99.2,500,100S1000,22.7,1000,4.3z\"\/>\n<\/svg>\t\t<\/div>\n\t\t<div class=\"elementor-element elementor-element-d11f5b9 e-flex e-con-boxed e-con e-child\" data-id=\"d11f5b9\" data-element_type=\"container\">\n\t\t\t\t\t<div class=\"e-con-inner\">\n\t\t\t\t<div class=\"elementor-element elementor-element-d7cf5c2 elementor-widget elementor-widget-heading\" data-id=\"d7cf5c2\" data-element_type=\"widget\" data-widget_type=\"heading.default\">\n\t\t\t\t<div class=\"elementor-widget-container\">\n\t\t\t<p class=\"elementor-heading-title elementor-size-default\">www.frystakdetem.cz<\/p>\t\t<\/div>\n\t\t\t\t<\/div>\n\t\t\t\t\t<\/div>\n\t\t\t\t<\/div>\n\t\t\t\t<\/div>\n\t\t\t\t<\/div>\n\t\t","protected":false},"excerpt":{"rendered":"<p>FRY\u0160T\u00c1K D\u011aTEM Volno\u010dasov\u00e9 a vzd\u011bl\u00e1vac\u00ed aktivitypro rodi\u010de s d\u011btmi Herna pro rodi\u010de s d\u011btmi do 3 let Volno\u010dasov\u00e9 a vzd\u011bl\u00e1vac\u00ed aktivity pro rodi\u010de s d\u011btmi P\u0159\u00edm\u011bstsk\u00e9 t\u00e1boryWorkshopyP\u0159edn\u00e1\u0161kyEnviroment\u00e1ln\u00ed v\u00fdchova Fry\u0161t\u00e1k d\u011btem z.s. I\u010cO: 06145191 SCHR\u00c1NKA: vrqejk6 ADRESA: Stola\u0159sk\u00e1 40, Doln\u00ed Ves, 763 16 Fry\u0161t\u00e1k phone Renata \u0160afkov\u00e1 +420 608 446 961 phone Michaela Nutilov\u00e1 +420 605 [&hellip;]<\/p>\n","protected":false},"author":3,"featured_media":0,"parent":0,"menu_order":0,"comment_status":"closed","ping_status":"closed","template":"elementor_canvas","meta":{"footnotes":""},"class_list":["post-13","page","type-page","status-publish","hentry"],"_links":{"self":[{"href":"https:\/\/www.frystakdetem.cz\/index.php?rest_route=\/wp\/v2\/pages\/13","targetHints":{"allow":["GET"]}}],"collection":[{"href":"https:\/\/www.frystakdetem.cz\/index.php?rest_route=\/wp\/v2\/pages"}],"about":[{"href":"https:\/\/www.frystakdetem.cz\/index.php?rest_route=\/wp\/v2\/types\/page"}],"author":[{"embeddable":true,"href":"https:\/\/www.frystakdetem.cz\/index.php?rest_route=\/wp\/v2\/users\/3"}],"replies":[{"embeddable":true,"href":"https:\/\/www.frystakdetem.cz\/index.php?rest_route=%2Fwp%2Fv2%2Fcomments&post=13"}],"version-history":[{"count":22,"href":"https:\/\/www.frystakdetem.cz\/index.php?rest_route=\/wp\/v2\/pages\/13\/revisions"}],"predecessor-version":[{"id":52,"href":"https:\/\/www.frystakdetem.cz\/index.php?rest_route=\/wp\/v2\/pages\/13\/revisions\/52"}],"wp:attachment":[{"href":"https:\/\/www.frystakdetem.cz\/index.php?rest_route=%2Fwp%2Fv2%2Fmedia&parent=13"}],"curies":[{"name":"wp","href":"https:\/\/api.w.org\/{rel}","templated":true}]}}